{"id":299,"date":"2025-03-17T23:46:59","date_gmt":"2025-03-17T23:46:59","guid":{"rendered":"https:\/\/projuc.mx\/?page_id=299"},"modified":"2025-05-03T03:03:05","modified_gmt":"2025-05-03T03:03:05","slug":"voluntariado","status":"publish","type":"page","link":"https:\/\/projuc.mx\/?page_id=299","title":{"rendered":"Voluntariado"},"content":{"rendered":"<section class=\"bde-section-299-173 bde-section\">\n  \n  \n\t\n\n\n\n<div class=\"section-container\"><div class=\"bde-div-299-187 bde-div\">\n  \n  \n\t\n\n\n\n<h1 class=\"bde-heading-299-188 bde-heading\" data-entrance=\"slideLeft\">\nVoluntariado\n<\/h1><div class=\"bde-animated-heading-299-189 bde-animated-heading\">\n<h2 class=\"bde-animated-heading__text\">\n\n\n\t<span class=\"bde-animated-heading__typed js-eeah-typed\"><\/span>\n\n\n\n<\/h2>\n\n<noscript>\n      <h2 class=\"bde-animated-heading__noscript\">\n      <span><\/span>\n      Creemos que el cambio comienza con la participaci\u00f3n ciudadana.\n      <span><\/span>\n    <\/h2>\n  <\/noscript>\n<\/div><div class=\"bde-animated-heading-299-190 bde-animated-heading\">\n<h2 class=\"bde-animated-heading__text\">\n\n\n\t<span class=\"bde-animated-heading__typed js-eeah-typed\"><\/span>\n\n\n\n<\/h2>\n\n<noscript>\n      <h2 class=\"bde-animated-heading__noscript\">\n      <span><\/span>\n      Creemos que el cambio comienza con la participaci\u00f3n ciudadana.\n      <span><\/span>\n    <\/h2>\n  <\/noscript>\n<\/div><div class=\"bde-fancy-divider-299-191 bde-fancy-divider\">\n\n\n<div class=\"bde-fancy-divider__wrapper\">\n  <div class=\"bde-fancy-divider__separator has-content  \">\n  \t    \t    \t    \t\t\t    \t\t<div class=\"bde-fancy-divider__content bde-fancy-divider__content--icon\"><svg xmlns=\"http:\/\/www.w3.org\/2000\/svg\" xmlns:xlink=\"http:\/\/www.w3.org\/1999\/xlink\" xmlns:serif=\"http:\/\/www.serif.com\/\" width=\"100%\" height=\"100%\" viewBox=\"0 0 537 611\" version=\"1.1\" xml:space=\"preserve\" style=\"fill-rule:evenodd;clip-rule:evenodd;stroke-linejoin:round;stroke-miterlimit:2;\">\r\n    <g transform=\"matrix(1,0,0,1,-2471.61,-1401.58)\">\r\n        <g transform=\"matrix(1.58475,0,0,1.04211,-1244.81,1300.31)\">\r\n            <g transform=\"matrix(1.45707,0,0,2.21579,2508.96,67.1952)\">\r\n                <path d=\"M0,264.457C0.218,262.684 -1.436,261.367 -3.134,261.92C-6.143,262.898 -8.607,267.673 -6.389,269.234C-3.915,270.977 -0.368,267.454 0,264.457M-8.378,253.66C-9.161,252.313 -10.974,251.989 -12.232,252.908C-15.602,255.37 -21.275,261.967 -18.173,264.198C-14.936,266.58 -7.623,256.223 -8.138,254.223C-8.185,254.041 -8.268,253.85 -8.378,253.66M-20.827,244.175C-23.519,242.38 -33.847,251.876 -30.619,254.711C-26.154,258.632 -18.544,245.696 -20.827,244.175M-35.084,245.897C-34.162,245.356 -29.317,238.554 -32.937,237.713C-35.401,236.643 -39.686,241.363 -39.858,243.259C-40.042,245.28 -36.686,246.837 -35.084,245.897M53.916,83.197C6.443,32.981 -76.92,76.074 -63.281,145.308C-60.373,160.07 -46.848,181.622 -32.982,188.177C-24.105,192.373 -27.676,188.627 -13.979,184.823C-6.631,182.782 7.957,183.263 15.339,185.269C21.011,186.811 26.149,189.934 31.056,193.06C74.355,175.07 86.231,117.38 53.916,83.197M42.572,231.648C68.732,223.485 91.823,200.783 103.134,175.979C143.519,87.423 57.125,-5.773 -34.302,27.611C-109.122,54.932 -129.771,152.885 -72.816,208.666C-68.189,213.198 -60.443,217.414 -56.354,221.639C-53.964,224.109 -52.604,228.065 -50.423,230.846C-42.326,241.166 -44.462,234.778 -38.531,231.953C-34.976,230.261 -30.65,230.67 -27.771,233.42C-26.492,234.642 -25.761,237.398 -25.562,237.519C-24.313,238.28 -20.203,237.029 -16.488,239.803C-13.44,242.08 -13.264,245.731 -12.986,245.969C-12.005,246.809 -6.576,244.359 -3.102,249.961C-2.174,251.459 -1.963,254.176 -1.085,255.101C-0.111,256.127 3.277,256.701 4.612,258.457C7.099,261.728 6.88,267.085 4.591,270.437C5.794,271.332 10.365,268.411 10.93,267.06C12.836,262.498 -1.681,247.917 -7.116,243.646C-8.302,242.714 -8.972,241.21 -8.661,239.734C-8.231,237.687 -6.313,236.159 -3.869,237.213C2.692,240.04 13.287,254.203 17.285,261.872C17.744,262.751 18.728,263.219 19.702,263.032C22.837,262.428 23.884,262.012 22.69,257.81C21.626,254.068 16.545,247.818 13.864,244.773C10.724,241.207 -0.419,233.855 3.132,230.249C4.435,228.925 6.606,228.992 8.008,230.212L13.165,234.701C16.397,237.514 19.345,240.637 21.967,244.026L27.532,251.22C28.753,252.798 31.311,251.715 30.979,249.748C29.981,243.841 20.641,234.056 18.741,232C16.534,229.612 12.594,227.633 12.562,224.405C12.537,221.948 14.798,220.234 17.155,220.929C17.45,221.016 17.743,221.128 18.034,221.262C18.991,221.703 28.095,231.046 29.411,232.591C31.439,234.971 32.904,237.729 34.777,240.201C35.506,241.164 37.032,240.839 37.285,239.658C38.096,235.871 34.327,230.885 32.2,228.119C25.767,219.755 5.064,204.01 -5.722,205.879C-8.896,206.429 -11.587,209.33 -14.909,210.158C-25.36,212.763 -40.424,207.641 -34.133,194.818C-84.57,166.342 -83.172,91.742 -32.137,64.257C36.722,27.172 109.316,107.258 66.328,171.972C59.598,182.103 43.348,197.01 31.516,200.274C27.84,201.288 24.088,196.394 20.302,194.603C7.176,188.395 -14.951,187.729 -26.068,198.6C-27.477,199.979 -27.154,202.261 -25.439,203.233C-19.153,206.798 -12.827,199.874 -6.692,199.038C9.756,196.795 35.786,216.885 42.572,231.648M-13.191,270.52C-13.457,270.329 -16.654,271.625 -19.57,270.642C-25.376,268.686 -24.918,263.689 -25.77,262.965C-26.8,262.09 -33.713,264.554 -36.686,257.474C-37.25,256.131 -37.186,253.544 -37.62,252.952C-37.857,252.628 -41.3,251.788 -42.974,250.308C-44.911,248.594 -45.281,246.391 -46.709,244.794C-52.037,238.835 -56.739,231.791 -61.385,226.671C-63.88,223.921 -68.989,221.421 -71.951,218.734C-165.573,133.815 -83.17,-15.231 35.889,18.385C133.127,45.84 150.412,177.758 63.72,229.916C59.588,232.402 46.865,237.295 44.961,238.91C43.896,239.814 43.635,243.975 41.987,246.029C41.008,247.249 39.165,247.782 38.673,248.602C37.558,250.464 38.099,254.08 36.092,256.953C34.349,259.448 31.93,259.501 30.679,260.792C28.736,262.799 29.211,266.246 25.068,268.636C22.33,270.216 19.435,269.856 17.243,270.904C15.606,271.686 13.365,274.927 10.76,276.194C3.57,279.688 3.675,276.16 -0.982,275.74C-3.527,275.51 -4.829,277.003 -8.51,275.548C-11.871,274.22 -12.275,271.177 -13.191,270.52\" style=\"fill:rgb(209,75,44);fill-rule:nonzero;\"\/>\r\n            <\/g>\r\n        <\/g>\r\n    <\/g>\r\n<\/svg><\/div>\n    \t                  <\/div>\n<\/div>\n\n<\/div>\n<\/div><div class=\"bde-grid-299-178 bde-grid\">\n  \n  \n\t\n\n\n\n<img decoding=\"async\" class=\"bde-image2-299-180 bde-image2\" src=\"https:\/\/projuc.mx\/wp-content\/uploads\/2025\/04\/projuc_svg28.svg\" loading=\"lazy\" data-entrance=\"slideRight\"><div class=\"bde-text-299-179 bde-text\" data-entrance=\"slideLeft\">\nSi quieres contribuir activamente a la defensa de los derechos humanos, la protecci\u00f3n del medio ambiente y la promoci\u00f3n del acceso a la justicia, \u00a1te invitamos a unirte a nuestro equipo de voluntariado!<br><br>A trav\u00e9s de este formulario, puedes postularte para colaborar con nosotros en distintas \u00e1reas, desde investigaci\u00f3n y apoyo legal hasta difusi\u00f3n y organizaci\u00f3n de eventos.\n<\/div>\n<\/div><div class=\"bde-div-299-181 bde-div\">\n  \n  \n\t\n\n\n\n<div class=\"bde-div-299-182 bde-div\" data-parallax=\"true\">\n  \n  \n\t\n\n\n\n<div class=\"bde-text-299-183 bde-text\">\n\u00bfC\u00f3mo funciona?\n<\/div><div class=\"bde-rich-text-299-184 bde-rich-text breakdance-rich-text-styles\">\n<ol>\n<li>Llena el formulario con tus datos e intereses.<\/li>\n<li>Nuestro equipo revisar\u00e1 tu perfil.<\/li>\n<li>Nos pondremos en contacto contigo para informarte sobre las oportunidades disponibles.<\/li>\n<li style=\"list-style-type: none;\">\u00a0<\/li>\n<\/ol>\n<\/div><h1 class=\"bde-dual-heading-299-185 bde-dual-heading\">\n\n\n            <span data-style=\"primary\" class=\"dual-heading--primary  \">Tu compromiso puede marcar la<\/span>\n\n            <span data-style=\"secondary\" class=\"dual-heading--secondary  js-annotate\">diferencia.<\/span>\n\n            <span data-style=\"primary\" class=\"dual-heading--primary  \">\u00a1S\u00famate y construyamos<\/span>\n\n            <span data-style=\"secondary\" class=\"dual-heading--secondary  js-annotate\"> justicia<\/span>\n\n            <span data-style=\"primary\" class=\"dual-heading--primary  \">juntos!<\/span>\n\n\n\n<\/h1><div class=\"bde-button-299-186 bde-button\">\n    \n                                    \n    \n    \n    \n    \n            \n                    \n            \n            \n\n    \n    \n    \n    \n    \n    <a class=\"breakdance-link button-atom button-atom--custom bde-button__button\" href=\"https:\/\/projuc.mx\/formulario\/\" target=\"_self\" data-type=\"url\"  >\n\n    \n        <span class=\"button-atom__text\">Ir a formulario<\/span>\n\n                            \n        \n                <\/a>\n\n    \n\n\n<\/div>\n<\/div>\n<\/div><\/div>\n<\/section>","protected":false},"excerpt":{"rendered":"<p>Voluntariado Creemos que el cambio comienza con la participaci\u00f3n ciudadana. Creemos que el cambio comienza con la participaci\u00f3n ciudadana. Si quieres contribuir activamente a la defensa de los derechos humanos, la protecci\u00f3n del medio ambiente y la promoci\u00f3n del acceso a la justicia, \u00a1te invitamos a unirte a nuestro equipo de voluntariado!A trav\u00e9s de este [&hellip;]<\/p>\n","protected":false},"author":1,"featured_media":0,"parent":0,"menu_order":0,"comment_status":"closed","ping_status":"closed","template":"","meta":{"_breakdance_hide_in_design_set":false,"_breakdance_tags":"","footnotes":""},"class_list":["post-299","page","type-page","status-publish","hentry"],"_links":{"self":[{"href":"https:\/\/projuc.mx\/index.php?rest_route=\/wp\/v2\/pages\/299","targetHints":{"allow":["GET"]}}],"collection":[{"href":"https:\/\/projuc.mx\/index.php?rest_route=\/wp\/v2\/pages"}],"about":[{"href":"https:\/\/projuc.mx\/index.php?rest_route=\/wp\/v2\/types\/page"}],"author":[{"embeddable":true,"href":"https:\/\/projuc.mx\/index.php?rest_route=\/wp\/v2\/users\/1"}],"replies":[{"embeddable":true,"href":"https:\/\/projuc.mx\/index.php?rest_route=%2Fwp%2Fv2%2Fcomments&post=299"}],"version-history":[{"count":10,"href":"https:\/\/projuc.mx\/index.php?rest_route=\/wp\/v2\/pages\/299\/revisions"}],"predecessor-version":[{"id":950,"href":"https:\/\/projuc.mx\/index.php?rest_route=\/wp\/v2\/pages\/299\/revisions\/950"}],"wp:attachment":[{"href":"https:\/\/projuc.mx\/index.php?rest_route=%2Fwp%2Fv2%2Fmedia&parent=299"}],"curies":[{"name":"wp","href":"https:\/\/api.w.org\/{rel}","templated":true}]}}